{"id":12,"date":"2024-06-26T14:08:39","date_gmt":"2024-06-26T14:08:39","guid":{"rendered":"https:\/\/dev.chateau-de-cavanac.fr\/?page_id=12"},"modified":"2025-04-03T08:16:26","modified_gmt":"2025-04-03T08:16:26","slug":"accueil","status":"publish","type":"page","link":"https:\/\/chateau-de-cavanac.fr\/","title":{"rendered":"ACCUEIL"},"content":{"rendered":"<p>[et_pb_section fb_built=\u00a0\u00bb1&Prime; inner_shadow=\u00a0\u00bbon\u00a0\u00bb fullwidth=\u00a0\u00bbon\u00a0\u00bb _builder_version=\u00a0\u00bb4.25.2&Prime; _module_preset=\u00a0\u00bbdefault\u00a0\u00bb global_colors_info=\u00a0\u00bb{}\u00a0\u00bb][et_pb_fullwidth_slider use_bg_overlay=\u00a0\u00bboff\u00a0\u00bb arrows_custom_color=\u00a0\u00bb#1C1B78&Prime; dot_nav_custom_color=\u00a0\u00bb#1C1B78&Prime; _builder_version=\u00a0\u00bb4.25.2&Prime; _module_preset=\u00a0\u00bbdefault\u00a0\u00bb background_color=\u00a0\u00bbRGBA(255,255,255,0)\u00a0\u00bb content_width=\u00a0\u00bb100%\u00a0\u00bb min_height=\u00a0\u00bb505px\u00a0\u00bb min_height_tablet=\u00a0\u00bb448px\u00a0\u00bb min_height_phone=\u00a0\u00bb280px\u00a0\u00bb min_height_last_edited=\u00a0\u00bbon|phone\u00a0\u00bb max_height_tablet=\u00a0\u00bb\u00a0\u00bb max_height_phone=\u00a0\u00bb285px\u00a0\u00bb max_height_last_edited=\u00a0\u00bbon|phone\u00a0\u00bb custom_padding=\u00a0\u00bb||360px|||\u00a0\u00bb global_colors_info=\u00a0\u00bb{}\u00a0\u00bb][et_pb_slide heading=\u00a0\u00bbBIENVENUE\u00a0\u00bb _builder_version=\u00a0\u00bb4.25.2&Prime; _module_preset=\u00a0\u00bbdefault\u00a0\u00bb background_color=\u00a0\u00bbRGBA(255,255,255,0)\u00a0\u00bb background_enable_color=\u00a0\u00bbon\u00a0\u00bb background_image=\u00a0\u00bbhttps:\/\/chateau-de-cavanac.fr\/wp-content\/uploads\/2025\/03\/Slider-1-scaled.jpg\u00a0\u00bb background_enable_image=\u00a0\u00bbon\u00a0\u00bb global_colors_info=\u00a0\u00bb{}\u00a0\u00bb sticky_transition=\u00a0\u00bbon\u00a0\u00bb]<\/p>\n<p><span>LA COUR INT\u00c9RIEURE<\/span><\/p>\n<p>[\/et_pb_slide][et_pb_slide heading=\u00a0\u00bbBIENVENUE\u00a0\u00bb _builder_version=\u00a0\u00bb4.25.2&Prime; _module_preset=\u00a0\u00bbdefault\u00a0\u00bb background_image=\u00a0\u00bbhttps:\/\/chateau-de-cavanac.fr\/wp-content\/uploads\/2025\/03\/Slider-2-scaled.jpg\u00a0\u00bb background_enable_image=\u00a0\u00bbon\u00a0\u00bb global_colors_info=\u00a0\u00bb{}\u00a0\u00bb sticky_transition=\u00a0\u00bbon\u00a0\u00bb]<\/p>\n<p><span>LA PISCINE<\/span><\/p>\n<p>[\/et_pb_slide][et_pb_slide heading=\u00a0\u00bbBIENVENUE\u00a0\u00bb _builder_version=\u00a0\u00bb4.25.2&Prime; _module_preset=\u00a0\u00bbdefault\u00a0\u00bb background_enable_color=\u00a0\u00bboff\u00a0\u00bb background_image=\u00a0\u00bbhttps:\/\/chateau-de-cavanac.fr\/wp-content\/uploads\/2025\/03\/Slider-3-scaled.jpg\u00a0\u00bb background_enable_image=\u00a0\u00bbon\u00a0\u00bb global_colors_info=\u00a0\u00bb{}\u00a0\u00bb sticky_transition=\u00a0\u00bbon\u00a0\u00bb]<\/p>\n<p><span>LA COUR INT\u00c9RIEURE<\/span><\/p>\n<p>[\/et_pb_slide][et_pb_slide heading=\u00a0\u00bbBIENVENUE\u00a0\u00bb _builder_version=\u00a0\u00bb4.25.2&Prime; _module_preset=\u00a0\u00bbdefault\u00a0\u00bb background_enable_color=\u00a0\u00bboff\u00a0\u00bb background_image=\u00a0\u00bbhttps:\/\/chateau-de-cavanac.fr\/wp-content\/uploads\/2025\/03\/Slider-4-scaled.jpg\u00a0\u00bb background_enable_image=\u00a0\u00bbon\u00a0\u00bb global_colors_info=\u00a0\u00bb{}\u00a0\u00bb sticky_transition=\u00a0\u00bbon\u00a0\u00bb]<\/p>\n<p><span>LE SALON DE L&rsquo;H\u00d4TEL<\/span><\/p>\n<p>[\/et_pb_slide][\/et_pb_fullwidth_slider][\/et_pb_section][et_pb_section fb_built=\u00a0\u00bb1&Prime; _builder_version=\u00a0\u00bb4.25.2&Prime; _module_preset=\u00a0\u00bbdefault\u00a0\u00bb global_colors_info=\u00a0\u00bb{}\u00a0\u00bb][et_pb_row _builder_version=\u00a0\u00bb4.25.2&Prime; _module_preset=\u00a0\u00bbdefault\u00a0\u00bb global_colors_info=\u00a0\u00bb{}\u00a0\u00bb][et_pb_column type=\u00a0\u00bb4_4&Prime; _builder_version=\u00a0\u00bb4.25.2&Prime; _module_preset=\u00a0\u00bbdefault\u00a0\u00bb global_colors_info=\u00a0\u00bb{}\u00a0\u00bb][et_pb_text _builder_version=\u00a0\u00bb4.25.2&Prime; _module_preset=\u00a0\u00bbdefault\u00a0\u00bb header_text_align=\u00a0\u00bbcenter\u00a0\u00bb global_colors_info=\u00a0\u00bb{}\u00a0\u00bb]<\/p>\n<h1>Le Ch\u00e2teau de Cavanac<\/h1>\n<p>[\/et_pb_text][et_pb_text _builder_version=\u00a0\u00bb4.25.2&Prime; _module_preset=\u00a0\u00bbdefault\u00a0\u00bb header_2_text_align=\u00a0\u00bbcenter\u00a0\u00bb header_2_text_color=\u00a0\u00bb#3DD3FE\u00a0\u00bb global_colors_info=\u00a0\u00bb{}\u00a0\u00bb]<\/p>\n<h2 class=\"p1\"><b>Entre Toulouse et Montpellier, \u00e0 quelques kilom\u00e8tres de la Cit\u00e9 de Carcassonne<\/b><\/h2>\n<p>[\/et_pb_text][et_pb_text _builder_version=\u00a0\u00bb4.25.2&Prime; _module_preset=\u00a0\u00bbdefault\u00a0\u00bb text_orientation=\u00a0\u00bbcenter\u00a0\u00bb global_colors_info=\u00a0\u00bb{}\u00a0\u00bb]<\/p>\n<p class=\"p1\">Situ\u00e9 dans un lieu hautement touristique, \u00e0 5 kilom\u00e8tres de la Cit\u00e9 de Carcassonne, bord\u00e9 par les routes des ch\u00e2teaux cathares, au pied des Corbi\u00e8res, le Ch\u00e2teau de Cavanac vous accueille dans un cadre enchanteur o\u00f9 se m\u00ealent calme, romantisme et authenticit\u00e9.<\/p>\n<p class=\"p1\"><span>\u00c0 seulement 3 kilom\u00e8tres, les amateurs de golf pourront profiter d\u2019un superbe parcours 18 trous dans un cadre exceptionnel.<\/span><\/p>\n<p class=\"p1\">Ch\u00e2teau viticole depuis plusieurs g\u00e9n\u00e9rations, cette b\u00e2tisse du XVIIe, s&rsquo;est transform\u00e9e en un restaurant et un h\u00f4tel 3 \u00e9toiles.<\/p>\n<p class=\"p1\">Paul GOBIN se fera un plaisir de vous accueillir au ch\u00e2teau.<\/p>\n<p>[\/et_pb_text][\/et_pb_column][\/et_pb_row][\/et_pb_section]<\/p>\n","protected":false},"excerpt":{"rendered":"<p>LA COUR INT\u00c9RIEURELA PISCINELA COUR INT\u00c9RIEURELE SALON DE L&rsquo;H\u00d4TELLe Ch\u00e2teau de CavanacEntre Toulouse et Montpellier, \u00e0 quelques kilom\u00e8tres de la Cit\u00e9 de CarcassonneSitu\u00e9 dans un lieu hautement touristique, \u00e0 5 kilom\u00e8tres de la Cit\u00e9 de Carcassonne, bord\u00e9 par les routes des ch\u00e2teaux cathares, au pied des Corbi\u00e8res, le Ch\u00e2teau de Cavanac vous accueille dans un [&hellip;]<\/p>\n","protected":false},"author":2,"featured_media":0,"parent":0,"menu_order":0,"comment_status":"closed","ping_status":"closed","template":"","meta":{"_et_pb_use_builder":"on","_et_pb_old_content":"","_et_gb_content_width":"","footnotes":""},"class_list":["post-12","page","type-page","status-publish","hentry"],"_links":{"self":[{"href":"https:\/\/chateau-de-cavanac.fr\/index.php?rest_route=\/wp\/v2\/pages\/12","targetHints":{"allow":["GET"]}}],"collection":[{"href":"https:\/\/chateau-de-cavanac.fr\/index.php?rest_route=\/wp\/v2\/pages"}],"about":[{"href":"https:\/\/chateau-de-cavanac.fr\/index.php?rest_route=\/wp\/v2\/types\/page"}],"author":[{"embeddable":true,"href":"https:\/\/chateau-de-cavanac.fr\/index.php?rest_route=\/wp\/v2\/users\/2"}],"replies":[{"embeddable":true,"href":"https:\/\/chateau-de-cavanac.fr\/index.php?rest_route=%2Fwp%2Fv2%2Fcomments&post=12"}],"version-history":[{"count":23,"href":"https:\/\/chateau-de-cavanac.fr\/index.php?rest_route=\/wp\/v2\/pages\/12\/revisions"}],"predecessor-version":[{"id":312,"href":"https:\/\/chateau-de-cavanac.fr\/index.php?rest_route=\/wp\/v2\/pages\/12\/revisions\/312"}],"wp:attachment":[{"href":"https:\/\/chateau-de-cavanac.fr\/index.php?rest_route=%2Fwp%2Fv2%2Fmedia&parent=12"}],"curies":[{"name":"wp","href":"https:\/\/api.w.org\/{rel}","templated":true}]}}